{"id":254,"date":"2026-02-16T11:21:16","date_gmt":"2026-02-16T10:21:16","guid":{"rendered":"https:\/\/switchdigital.ch\/?page_id=254"},"modified":"2026-03-07T18:18:38","modified_gmt":"2026-03-07T17:18:38","slug":"contact","status":"publish","type":"page","link":"https:\/\/switchdigital.ch\/en\/contact\/","title":{"rendered":"Contact"},"content":{"rendered":"\t\t<div data-elementor-type=\"wp-page\" data-elementor-id=\"254\" class=\"elementor elementor-254\" data-elementor-post-type=\"page\">\n\t\t\t\t<div class=\"elementor-element elementor-element-2448f70e e-flex e-con-boxed e-con e-parent\" data-id=\"2448f70e\" data-element_type=\"container\" data-e-type=\"container\">\n\t\t\t\t\t<div class=\"e-con-inner\">\n\t\t<div class=\"elementor-element elementor-element-58c22a73 e-con-full e-flex e-con e-child\" data-id=\"58c22a73\" data-element_type=\"container\" data-e-type=\"container\">\n\t\t<div class=\"elementor-element elementor-element-5f89fa27 e-con-full e-flex e-con e-child\" data-id=\"5f89fa27\" data-element_type=\"container\" data-e-type=\"container\">\n\t\t\t\t<div class=\"elementor-element elementor-element-31167e62 elementor-widget elementor-widget-heading\" data-id=\"31167e62\" data-element_type=\"widget\" data-e-type=\"widget\" data-widget_type=\"heading.default\">\n\t\t\t\t\t<h3 class=\"elementor-heading-title elementor-size-default\">Neuch\u00e2tel &amp; Romandie<\/h3>\t\t\t\t<\/div>\n\t\t\t\t<\/div>\n\t\t<div class=\"elementor-element elementor-element-66eb4de1 e-con-full e-flex elementor-invisible e-con e-child\" data-id=\"66eb4de1\" data-element_type=\"container\" data-e-type=\"container\" data-settings=\"{&quot;animation&quot;:&quot;fadeInUp&quot;}\">\n\t\t\t\t<div class=\"elementor-element elementor-element-326fa615 elementor-widget elementor-widget-heading\" data-id=\"326fa615\" data-element_type=\"widget\" data-e-type=\"widget\" data-widget_type=\"heading.default\">\n\t\t\t\t\t<h1 class=\"elementor-heading-title elementor-size-default\">Contactez-<\/h1>\t\t\t\t<\/div>\n\t\t\t\t<div class=\"elementor-element elementor-element-51d1ca0 elementor-widget elementor-widget-heading\" data-id=\"51d1ca0\" data-element_type=\"widget\" data-e-type=\"widget\" id=\"electric-title\" data-widget_type=\"heading.default\">\n\t\t\t\t\t<h1 class=\"elementor-heading-title elementor-size-default\">nous<\/h1>\t\t\t\t<\/div>\n\t\t\t\t<\/div>\n\t\t\t\t<\/div>\n\t\t\t\t\t<\/div>\n\t\t\t\t<\/div>\n\t\t<div class=\"elementor-element elementor-element-5e808e8c e-flex e-con-boxed e-con e-parent\" data-id=\"5e808e8c\" data-element_type=\"container\" data-e-type=\"container\" data-settings=\"{&quot;background_background&quot;:&quot;classic&quot;}\">\n\t\t\t\t\t<div class=\"e-con-inner\">\n\t\t<div class=\"elementor-element elementor-element-41e65dad e-con-full e-flex e-con e-child\" data-id=\"41e65dad\" data-element_type=\"container\" data-e-type=\"container\">\n\t\t<div class=\"elementor-element elementor-element-49cbbba4 e-con-full e-flex e-con e-child\" data-id=\"49cbbba4\" data-element_type=\"container\" data-e-type=\"container\">\n\t\t<div class=\"elementor-element elementor-element-674e0fda e-con-full e-flex e-con e-child\" data-id=\"674e0fda\" data-element_type=\"container\" data-e-type=\"container\">\n\t\t\t\t<div class=\"elementor-element elementor-element-341492a5 elementor-widget elementor-widget-heading\" data-id=\"341492a5\" data-element_type=\"widget\" data-e-type=\"widget\" data-widget_type=\"heading.default\">\n\t\t\t\t\t<h2 class=\"elementor-heading-title elementor-size-default\">Une question, un projet ou une urgence ?<\/h2>\t\t\t\t<\/div>\n\t\t\t\t<\/div>\n\t\t<div class=\"elementor-element elementor-element-82c100 e-con-full e-flex e-con e-child\" data-id=\"82c100\" data-element_type=\"container\" data-e-type=\"container\">\n\t\t<div class=\"elementor-element elementor-element-f7d3d5c e-con-full e-flex e-con e-child\" data-id=\"f7d3d5c\" data-element_type=\"container\" data-e-type=\"container\" data-settings=\"{&quot;background_background&quot;:&quot;classic&quot;}\">\n\t\t\t\t<div class=\"elementor-element elementor-element-3319e57 elementor-view-default elementor-position-block-start elementor-mobile-position-block-start elementor-widget elementor-widget-icon-box\" data-id=\"3319e57\" data-element_type=\"widget\" data-e-type=\"widget\" data-widget_type=\"icon-box.default\">\n\t\t\t\t\t\t\t<div class=\"elementor-icon-box-wrapper\">\n\n\t\t\t\t\t\t<div class=\"elementor-icon-box-icon\">\n\t\t\t\t<a href=\"https:\/\/wa.me\/41792580691\" class=\"elementor-icon\" tabindex=\"-1\" aria-label=\"Une question rapide ?\">\n\t\t\t\t<svg aria-hidden=\"true\" class=\"e-font-icon-svg e-fab-whatsapp\" viewBox=\"0 0 448 512\" xmlns=\"http:\/\/www.w3.org\/2000\/svg\"><path d=\"M380.9 97.1C339 55.1 283.2 32 223.9 32c-122.4 0-222 99.6-222 222 0 39.1 10.2 77.3 29.6 111L0 480l117.7-30.9c32.4 17.7 68.9 27 106.1 27h.1c122.3 0 224.1-99.6 224.1-222 0-59.3-25.2-115-67.1-157zm-157 341.6c-33.2 0-65.7-8.9-94-25.7l-6.7-4-69.8 18.3L72 359.2l-4.4-7c-18.5-29.4-28.2-63.3-28.2-98.2 0-101.7 82.8-184.5 184.6-184.5 49.3 0 95.6 19.2 130.4 54.1 34.8 34.9 56.2 81.2 56.1 130.5 0 101.8-84.9 184.6-186.6 184.6zm101.2-138.2c-5.5-2.8-32.8-16.2-37.9-18-5.1-1.9-8.8-2.8-12.5 2.8-3.7 5.6-14.3 18-17.6 21.8-3.2 3.7-6.5 4.2-12 1.4-32.6-16.3-54-29.1-75.5-66-5.7-9.8 5.7-9.1 16.3-30.3 1.8-3.7.9-6.9-.5-9.7-1.4-2.8-12.5-30.1-17.1-41.2-4.5-10.8-9.1-9.3-12.5-9.5-3.2-.2-6.9-.2-10.6-.2-3.7 0-9.7 1.4-14.8 6.9-5.1 5.6-19.4 19-19.4 46.3 0 27.3 19.9 53.7 22.6 57.4 2.8 3.7 39.1 59.7 94.8 83.8 35.2 15.2 49 16.5 66.6 13.9 10.7-1.6 32.8-13.4 37.4-26.4 4.6-13 4.6-24.1 3.2-26.4-1.3-2.5-5-3.9-10.5-6.6z\"><\/path><\/svg>\t\t\t\t<\/a>\n\t\t\t<\/div>\n\t\t\t\n\t\t\t\t\t\t<div class=\"elementor-icon-box-content\">\n\n\t\t\t\t\t\t\t\t\t<h3 class=\"elementor-icon-box-title\">\n\t\t\t\t\t\t<a href=\"https:\/\/wa.me\/41792580691\" >\n\t\t\t\t\t\t\tUne question rapide ?\t\t\t\t\t\t<\/a>\n\t\t\t\t\t<\/h3>\n\t\t\t\t\n\t\t\t\t\t\t\t\t\t<p class=\"elementor-icon-box-description\">\n\t\t\t\t\t\t\u00c9crivez-nous sur WhatsApp\t\t\t\t\t<\/p>\n\t\t\t\t\n\t\t\t<\/div>\n\t\t\t\n\t\t<\/div>\n\t\t\t\t\t\t<\/div>\n\t\t\t\t<\/div>\n\t\t<div class=\"elementor-element elementor-element-19076795 e-con-full e-flex e-con e-child\" data-id=\"19076795\" data-element_type=\"container\" data-e-type=\"container\" data-settings=\"{&quot;background_background&quot;:&quot;classic&quot;}\">\n\t\t\t\t<div class=\"elementor-element elementor-element-8a8ab8f elementor-view-default elementor-position-block-start elementor-mobile-position-block-start elementor-widget elementor-widget-icon-box\" data-id=\"8a8ab8f\" data-element_type=\"widget\" data-e-type=\"widget\" data-widget_type=\"icon-box.default\">\n\t\t\t\t\t\t\t<div class=\"elementor-icon-box-wrapper\">\n\n\t\t\t\t\t\t<div class=\"elementor-icon-box-icon\">\n\t\t\t\t<a href=\"tel:+41792580691\" class=\"elementor-icon\" tabindex=\"-1\" aria-label=\"Ligne direct\">\n\t\t\t\t<svg aria-hidden=\"true\" class=\"e-font-icon-svg e-fas-phone\" viewBox=\"0 0 512 512\" xmlns=\"http:\/\/www.w3.org\/2000\/svg\"><path d=\"M493.4 24.6l-104-24c-11.3-2.6-22.9 3.3-27.5 13.9l-48 112c-4.2 9.8-1.4 21.3 6.9 28l60.6 49.6c-36 76.7-98.9 140.5-177.2 177.2l-49.6-60.6c-6.8-8.3-18.2-11.1-28-6.9l-112 48C3.9 366.5-2 378.1.6 389.4l24 104C27.1 504.2 36.7 512 48 512c256.1 0 464-207.5 464-464 0-11.2-7.7-20.9-18.6-23.4z\"><\/path><\/svg>\t\t\t\t<\/a>\n\t\t\t<\/div>\n\t\t\t\n\t\t\t\t\t\t<div class=\"elementor-icon-box-content\">\n\n\t\t\t\t\t\t\t\t\t<h3 class=\"elementor-icon-box-title\">\n\t\t\t\t\t\t<a href=\"tel:+41792580691\" >\n\t\t\t\t\t\t\tLigne direct\t\t\t\t\t\t<\/a>\n\t\t\t\t\t<\/h3>\n\t\t\t\t\n\t\t\t\t\t\t\t\t\t<p class=\"elementor-icon-box-description\">\n\t\t\t\t\t\t+41 79 258 06 91\t\t\t\t\t<\/p>\n\t\t\t\t\n\t\t\t<\/div>\n\t\t\t\n\t\t<\/div>\n\t\t\t\t\t\t<\/div>\n\t\t\t\t<\/div>\n\t\t\t\t<\/div>\n\t\t\t\t<\/div>\n\t\t<div class=\"elementor-element elementor-element-450537b3 e-con-full e-flex e-con e-child\" data-id=\"450537b3\" data-element_type=\"container\" data-e-type=\"container\" data-settings=\"{&quot;background_background&quot;:&quot;classic&quot;}\">\n\t\t<div class=\"elementor-element elementor-element-4e25e390 e-con-full e-flex e-con e-child\" data-id=\"4e25e390\" data-element_type=\"container\" data-e-type=\"container\">\n\t\t\t\t<div class=\"elementor-element elementor-element-560bc59b elementor-view-default elementor-widget elementor-widget-icon\" data-id=\"560bc59b\" data-element_type=\"widget\" data-e-type=\"widget\" data-widget_type=\"icon.default\">\n\t\t\t\t\t\t\t<div class=\"elementor-icon-wrapper\">\n\t\t\t<div class=\"elementor-icon\">\n\t\t\t<svg aria-hidden=\"true\" class=\"e-font-icon-svg e-far-envelope\" viewBox=\"0 0 512 512\" xmlns=\"http:\/\/www.w3.org\/2000\/svg\"><path d=\"M464 64H48C21.49 64 0 85.49 0 112v288c0 26.51 21.49 48 48 48h416c26.51 0 48-21.49 48-48V112c0-26.51-21.49-48-48-48zm0 48v40.805c-22.422 18.259-58.168 46.651-134.587 106.49-16.841 13.247-50.201 45.072-73.413 44.701-23.208.375-56.579-31.459-73.413-44.701C106.18 199.465 70.425 171.067 48 152.805V112h416zM48 400V214.398c22.914 18.251 55.409 43.862 104.938 82.646 21.857 17.205 60.134 55.186 103.062 54.955 42.717.231 80.509-37.199 103.053-54.947 49.528-38.783 82.032-64.401 104.947-82.653V400H48z\"><\/path><\/svg>\t\t\t<\/div>\n\t\t<\/div>\n\t\t\t\t\t\t<\/div>\n\t\t\t\t<div class=\"elementor-element elementor-element-2bdb4f94 elementor-widget elementor-widget-heading\" data-id=\"2bdb4f94\" data-element_type=\"widget\" data-e-type=\"widget\" data-widget_type=\"heading.default\">\n\t\t\t\t\t<h2 class=\"elementor-heading-title elementor-size-default\">Formulaire de contact<\/h2>\t\t\t\t<\/div>\n\t\t\t\t<\/div>\n\t\t\t\t<div class=\"elementor-element elementor-element-6dcbd0f elementor-button-align-stretch elementor-widget elementor-widget-form\" data-id=\"6dcbd0f\" data-element_type=\"widget\" data-e-type=\"widget\" data-settings=\"{&quot;step_next_label&quot;:&quot;Suivant&quot;,&quot;step_previous_label&quot;:&quot;Pr\\u00e9c\\u00e9dent&quot;,&quot;button_width&quot;:&quot;100&quot;,&quot;step_type&quot;:&quot;number_text&quot;,&quot;step_icon_shape&quot;:&quot;circle&quot;}\" data-widget_type=\"form.default\">\n\t\t\t\t\t\t\t<form class=\"elementor-form\" method=\"post\" name=\"Contact\" aria-label=\"Contact\">\n\t\t\t<input type=\"hidden\" name=\"post_id\" value=\"254\"\/>\n\t\t\t<input type=\"hidden\" name=\"form_id\" value=\"6dcbd0f\"\/>\n\t\t\t<input type=\"hidden\" name=\"referer_title\" value=\"Contact - SwitchDigital\" \/>\n\n\t\t\t\t\t\t\t<input type=\"hidden\" name=\"queried_id\" value=\"254\"\/>\n\t\t\t\n\t\t\t<div class=\"elementor-form-fields-wrapper elementor-labels-above\">\n\t\t\t\t\t\t\t\t<div class=\"elementor-field-type-text elementor-field-group elementor-column elementor-field-group-name elementor-col-100 elementor-field-required\">\n\t\t\t\t\t\t\t\t\t\t\t\t\t<input size=\"1\" type=\"text\" name=\"form_fields[name]\" id=\"form-field-name\" class=\"elementor-field elementor-size-sm  elementor-field-textual\" placeholder=\"Votre nom\" required=\"required\">\n\t\t\t\t\t\t\t\t\t\t\t<\/div>\n\t\t\t\t\t\t\t\t<div class=\"elementor-field-type-email elementor-field-group elementor-column elementor-field-group-email elementor-col-50 elementor-field-required\">\n\t\t\t\t\t\t\t\t\t\t\t\t\t<input size=\"1\" type=\"email\" name=\"form_fields[email]\" id=\"form-field-email\" class=\"elementor-field elementor-size-sm  elementor-field-textual\" placeholder=\"E-mail\" required=\"required\">\n\t\t\t\t\t\t\t\t\t\t\t<\/div>\n\t\t\t\t\t\t\t\t<div class=\"elementor-field-type-tel elementor-field-group elementor-column elementor-field-group-field_a220411 elementor-col-50 elementor-field-required\">\n\t\t\t\t\t\t\t<input size=\"1\" type=\"tel\" name=\"form_fields[field_a220411]\" id=\"form-field-field_a220411\" class=\"elementor-field elementor-size-sm  elementor-field-textual\" placeholder=\"T\u00e9l\u00e9phone\" required=\"required\" pattern=\"[0-9()#&amp;+*-=.]+\" title=\"Seuls les caract\u00e8res de num\u00e9ros de t\u00e9l\u00e9phone (#, -, *, etc.) sont accept\u00e9s.\">\n\n\t\t\t\t\t\t<\/div>\n\t\t\t\t\t\t\t\t<div class=\"elementor-field-type-textarea elementor-field-group elementor-column elementor-field-group-message elementor-col-100 elementor-field-required\">\n\t\t\t\t\t<textarea class=\"elementor-field-textual elementor-field  elementor-size-sm\" name=\"form_fields[message]\" id=\"form-field-message\" rows=\"4\" placeholder=\"Votre message...\" required=\"required\"><\/textarea>\t\t\t\t<\/div>\n\t\t\t\t\t\t\t\t<div class=\"elementor-field-type-recaptcha_v3 elementor-field-group elementor-column elementor-field-group-field_017c93a elementor-col-100 recaptcha_v3-bottomright\">\n\t\t\t\t\t<div class=\"elementor-field\" id=\"form-field-field_017c93a\"><div class=\"elementor-g-recaptcha\" data-sitekey=\"6LcoSm0sAAAAAK2AFwyV_9SGlx5kdAsBksuKqajw\" data-type=\"v3\" data-action=\"Form\" data-badge=\"bottomright\" data-size=\"invisible\"><\/div><\/div>\t\t\t\t<\/div>\n\t\t\t\t\t\t\t\t<div class=\"elementor-field-group elementor-column elementor-field-type-submit elementor-col-100 e-form__buttons\">\n\t\t\t\t\t<button class=\"elementor-button elementor-size-md elementor-animation-grow\" type=\"submit\">\n\t\t\t\t\t\t<span class=\"elementor-button-content-wrapper\">\n\t\t\t\t\t\t\t\t\t\t\t\t\t\t\t\t\t\t\t\t\t\t<span class=\"elementor-button-text\">Envoyer le message<\/span>\n\t\t\t\t\t\t\t\t\t\t\t\t\t<\/span>\n\t\t\t\t\t<\/button>\n\t\t\t\t<\/div>\n\t\t\t<\/div>\n\t\t<\/form>\n\t\t\t\t\t\t<\/div>\n\t\t\t\t<\/div>\n\t\t\t\t<\/div>\n\t\t<div class=\"elementor-element elementor-element-3f6f0c60 e-con-full e-flex e-con e-child\" data-id=\"3f6f0c60\" data-element_type=\"container\" data-e-type=\"container\">\n\t\t\t\t<div class=\"elementor-element elementor-element-a62b83a elementor-widget elementor-widget-html\" data-id=\"a62b83a\" data-element_type=\"widget\" data-e-type=\"widget\" data-widget_type=\"html.default\">\n\t\t\t\t\t<script>\ndocument.addEventListener('DOMContentLoaded', function() {\n    \/\/ S\u00e9lectionner tous les champs de t\u00e9l\u00e9phone\n    const telInputs = document.querySelectorAll('input[type=\"tel\"]');\n    \n    telInputs.forEach(function(input) {\n        input.addEventListener('blur', function() {\n            const phone = this.value.replace(\/[\\s.\\-()]\/g, ''); \/\/ Enlever espaces, points, tirets et parenth\u00e8ses\n            \n            \/\/ Accepte tout num\u00e9ro avec au moins 8 chiffres (peut commencer par + ou 00)\n            const pattern = \/^(\\+|00)?[0-9]{8,15}$\/;\n            \n            if (phone && !pattern.test(phone)) {\n                this.setCustomValidity('Veuillez entrer un num\u00e9ro valide');\n                this.style.borderColor = 'red';\n                this.style.borderWidth = '2px';\n            } else {\n                this.setCustomValidity('');\n                this.style.borderColor = '';\n                this.style.borderWidth = '';\n            }\n        });\n        \n        \/\/ Validation lors de la soumission du formulaire\n        input.form.addEventListener('submit', function(e) {\n            const phone = input.value.replace(\/[\\s.\\-()]\/g, '');\n            const pattern = \/^(\\+|00)?[0-9]{8,15}$\/;\n            \n            if (phone && !pattern.test(phone)) {\n                e.preventDefault();\n                alert('Veuillez entrer un num\u00e9ro valide');\n                input.focus();\n                return false;\n            }\n        });\n    });\n});\n<\/script>\n\n<style>\n.grecaptcha-badge { \n    visibility: hidden !important; \n}\n<\/style>\t\t\t\t<\/div>\n\t\t\t\t<\/div>\n\t\t\t\t\t<\/div>\n\t\t\t\t<\/div>\n\t\t<div class=\"elementor-element elementor-element-495f4b4c e-flex e-con-boxed e-con e-parent\" data-id=\"495f4b4c\" data-element_type=\"container\" data-e-type=\"container\">\n\t\t\t\t\t<div class=\"e-con-inner\">\n\t\t<div class=\"elementor-element elementor-element-755940e4 e-con-full e-flex e-con e-child\" data-id=\"755940e4\" data-element_type=\"container\" data-e-type=\"container\">\n\t\t<div class=\"elementor-element elementor-element-4644f3db e-flex e-con-boxed e-con e-child\" data-id=\"4644f3db\" data-element_type=\"container\" data-e-type=\"container\" data-settings=\"{&quot;background_background&quot;:&quot;classic&quot;}\">\n\t\t\t\t\t<div class=\"e-con-inner\">\n\t\t\t\t<div class=\"elementor-element elementor-element-51f80209 elementor-widget elementor-widget-heading\" data-id=\"51f80209\" data-element_type=\"widget\" data-e-type=\"widget\" data-widget_type=\"heading.default\">\n\t\t\t\t\t<h2 class=\"elementor-heading-title elementor-size-default\">Retrouvez nous \u00e0 Neuch\u00e2tel<\/h2>\t\t\t\t<\/div>\n\t\t\t\t\t<\/div>\n\t\t\t\t<\/div>\n\t\t\t\t<div class=\"elementor-element elementor-element-2076319b elementor-widget__width-initial elementor-widget elementor-widget-google_maps\" data-id=\"2076319b\" data-element_type=\"widget\" data-e-type=\"widget\" data-widget_type=\"google_maps.default\">\n\t\t\t\t\t\t\t<div class=\"elementor-custom-embed\">\n\t\t\t<iframe loading=\"lazy\"\n\t\t\t\t\tsrc=\"https:\/\/maps.google.com\/maps?q=Switchdigital%2C%20Rue%20des%20Mille-Boilles%202%2C%202000%20Neuch%C3%A2tel%2C%20Suisse&#038;t=m&#038;z=13&#038;output=embed&#038;iwloc=near\"\n\t\t\t\t\ttitle=\"Switchdigital, Rue des Mille-Boilles 2, 2000 Neuch\u00e2tel, Suisse\"\n\t\t\t\t\taria-label=\"Switchdigital, Rue des Mille-Boilles 2, 2000 Neuch\u00e2tel, Suisse\"\n\t\t\t><\/iframe>\n\t\t<\/div>\n\t\t\t\t\t\t<\/div>\n\t\t\t\t<\/div>\n\t\t\t\t\t<\/div>\n\t\t\t\t<\/div>\n\t\t\t\t<\/div>\n\t\t","protected":false},"excerpt":{"rendered":"<p>Neuch\u00e2tel &amp; Romandie Contact us A question, a project or an emergency? A quick question? Write to us on WhatsApp Direct line +41 79 258 06 91 Contact form Find us in Neuch\u00e2tel<\/p>","protected":false},"author":1,"featured_media":0,"parent":0,"menu_order":0,"comment_status":"closed","ping_status":"closed","template":"","meta":{"footnotes":""},"class_list":["post-254","page","type-page","status-publish","hentry"],"yoast_head":"<!-- This site is optimized with the Yoast SEO plugin v27.1.1 - https:\/\/yoast.com\/product\/yoast-seo-wordpress\/ -->\n<title>Contact - SwitchDigital<\/title>\n<meta name=\"robots\" content=\"index, follow, max-snippet:-1, max-image-preview:large, max-video-preview:-1\" \/>\n<link rel=\"canonical\" href=\"https:\/\/switchdigital.ch\/en\/contact\/\" \/>\n<meta property=\"og:locale\" content=\"en_US\" \/>\n<meta property=\"og:type\" content=\"article\" \/>\n<meta property=\"og:title\" content=\"Contact - SwitchDigital\" \/>\n<meta property=\"og:description\" content=\"Neuch\u00e2tel &amp; Romandie Contactez- nous Une question, un projet ou une urgence ? Une question rapide ? \u00c9crivez-nous sur WhatsApp Ligne direct +41 79 258 06 91 Formulaire de contact Retrouvez nous \u00e0 Neuch\u00e2tel\" \/>\n<meta property=\"og:url\" content=\"https:\/\/switchdigital.ch\/en\/contact\/\" \/>\n<meta property=\"og:site_name\" content=\"SwitchDigital\" \/>\n<meta property=\"article:modified_time\" content=\"2026-03-07T17:18:38+00:00\" \/>\n<meta name=\"twitter:card\" content=\"summary_large_image\" \/>\n<meta name=\"twitter:label1\" content=\"Est. reading time\" \/>\n\t<meta name=\"twitter:data1\" content=\"1 minute\" \/>\n<script type=\"application\/ld+json\" class=\"yoast-schema-graph\">{\"@context\":\"https:\/\/schema.org\",\"@graph\":[{\"@type\":\"WebPage\",\"@id\":\"https:\/\/switchdigital.ch\/contact\/\",\"url\":\"https:\/\/switchdigital.ch\/contact\/\",\"name\":\"Contact - SwitchDigital\",\"isPartOf\":{\"@id\":\"https:\/\/green-gnu-786887.hostingersite.com\/#website\"},\"datePublished\":\"2026-02-16T10:21:16+00:00\",\"dateModified\":\"2026-03-07T17:18:38+00:00\",\"breadcrumb\":{\"@id\":\"https:\/\/switchdigital.ch\/contact\/#breadcrumb\"},\"inLanguage\":\"en-US\",\"potentialAction\":[{\"@type\":\"ReadAction\",\"target\":[\"https:\/\/switchdigital.ch\/contact\/\"]}]},{\"@type\":\"BreadcrumbList\",\"@id\":\"https:\/\/switchdigital.ch\/contact\/#breadcrumb\",\"itemListElement\":[{\"@type\":\"ListItem\",\"position\":1,\"name\":\"Home\",\"item\":\"https:\/\/switchdigital.ch\/\"},{\"@type\":\"ListItem\",\"position\":2,\"name\":\"Contact\"}]},{\"@type\":\"WebSite\",\"@id\":\"https:\/\/green-gnu-786887.hostingersite.com\/#website\",\"url\":\"https:\/\/green-gnu-786887.hostingersite.com\/\",\"name\":\"SwitchDigital\",\"description\":\"Solutions en \u00e9lectricit\u00e9 et domotique\",\"publisher\":{\"@id\":\"https:\/\/green-gnu-786887.hostingersite.com\/#organization\"},\"potentialAction\":[{\"@type\":\"SearchAction\",\"target\":{\"@type\":\"EntryPoint\",\"urlTemplate\":\"https:\/\/green-gnu-786887.hostingersite.com\/?s={search_term_string}\"},\"query-input\":{\"@type\":\"PropertyValueSpecification\",\"valueRequired\":true,\"valueName\":\"search_term_string\"}}],\"inLanguage\":\"en-US\"},{\"@type\":\"Organization\",\"@id\":\"https:\/\/green-gnu-786887.hostingersite.com\/#organization\",\"name\":\"SwitchDigital\",\"url\":\"https:\/\/green-gnu-786887.hostingersite.com\/\",\"logo\":{\"@type\":\"ImageObject\",\"inLanguage\":\"en-US\",\"@id\":\"https:\/\/green-gnu-786887.hostingersite.com\/#\/schema\/logo\/image\/\",\"url\":\"https:\/\/switchdigital.ch\/wp-content\/uploads\/2026\/03\/switchdigital_logo_transparent.png\",\"contentUrl\":\"https:\/\/switchdigital.ch\/wp-content\/uploads\/2026\/03\/switchdigital_logo_transparent.png\",\"width\":800,\"height\":214,\"caption\":\"SwitchDigital\"},\"image\":{\"@id\":\"https:\/\/green-gnu-786887.hostingersite.com\/#\/schema\/logo\/image\/\"}}]}<\/script>\n<!-- \/ Yoast SEO plugin. -->","yoast_head_json":{"title":"Contact - SwitchDigital","robots":{"index":"index","follow":"follow","max-snippet":"max-snippet:-1","max-image-preview":"max-image-preview:large","max-video-preview":"max-video-preview:-1"},"canonical":"https:\/\/switchdigital.ch\/en\/contact\/","og_locale":"en_US","og_type":"article","og_title":"Contact - SwitchDigital","og_description":"Neuch\u00e2tel &amp; Romandie Contactez- nous Une question, un projet ou une urgence ? Une question rapide ? \u00c9crivez-nous sur WhatsApp Ligne direct +41 79 258 06 91 Formulaire de contact Retrouvez nous \u00e0 Neuch\u00e2tel","og_url":"https:\/\/switchdigital.ch\/en\/contact\/","og_site_name":"SwitchDigital","article_modified_time":"2026-03-07T17:18:38+00:00","twitter_card":"summary_large_image","twitter_misc":{"Est. reading time":"1 minute"},"schema":{"@context":"https:\/\/schema.org","@graph":[{"@type":"WebPage","@id":"https:\/\/switchdigital.ch\/contact\/","url":"https:\/\/switchdigital.ch\/contact\/","name":"Contact - SwitchDigital","isPartOf":{"@id":"https:\/\/green-gnu-786887.hostingersite.com\/#website"},"datePublished":"2026-02-16T10:21:16+00:00","dateModified":"2026-03-07T17:18:38+00:00","breadcrumb":{"@id":"https:\/\/switchdigital.ch\/contact\/#breadcrumb"},"inLanguage":"en-US","potentialAction":[{"@type":"ReadAction","target":["https:\/\/switchdigital.ch\/contact\/"]}]},{"@type":"BreadcrumbList","@id":"https:\/\/switchdigital.ch\/contact\/#breadcrumb","itemListElement":[{"@type":"ListItem","position":1,"name":"Home","item":"https:\/\/switchdigital.ch\/"},{"@type":"ListItem","position":2,"name":"Contact"}]},{"@type":"WebSite","@id":"https:\/\/green-gnu-786887.hostingersite.com\/#website","url":"https:\/\/green-gnu-786887.hostingersite.com\/","name":"SwitchDigital","description":"Electrical and home automation solutions","publisher":{"@id":"https:\/\/green-gnu-786887.hostingersite.com\/#organization"},"potentialAction":[{"@type":"SearchAction","target":{"@type":"EntryPoint","urlTemplate":"https:\/\/green-gnu-786887.hostingersite.com\/?s={search_term_string}"},"query-input":{"@type":"PropertyValueSpecification","valueRequired":true,"valueName":"search_term_string"}}],"inLanguage":"en-US"},{"@type":"Organization","@id":"https:\/\/green-gnu-786887.hostingersite.com\/#organization","name":"SwitchDigital","url":"https:\/\/green-gnu-786887.hostingersite.com\/","logo":{"@type":"ImageObject","inLanguage":"en-US","@id":"https:\/\/green-gnu-786887.hostingersite.com\/#\/schema\/logo\/image\/","url":"https:\/\/switchdigital.ch\/wp-content\/uploads\/2026\/03\/switchdigital_logo_transparent.png","contentUrl":"https:\/\/switchdigital.ch\/wp-content\/uploads\/2026\/03\/switchdigital_logo_transparent.png","width":800,"height":214,"caption":"SwitchDigital"},"image":{"@id":"https:\/\/green-gnu-786887.hostingersite.com\/#\/schema\/logo\/image\/"}}]}},"_links":{"self":[{"href":"https:\/\/switchdigital.ch\/en\/wp-json\/wp\/v2\/pages\/254","targetHints":{"allow":["GET"]}}],"collection":[{"href":"https:\/\/switchdigital.ch\/en\/wp-json\/wp\/v2\/pages"}],"about":[{"href":"https:\/\/switchdigital.ch\/en\/wp-json\/wp\/v2\/types\/page"}],"author":[{"embeddable":true,"href":"https:\/\/switchdigital.ch\/en\/wp-json\/wp\/v2\/users\/1"}],"replies":[{"embeddable":true,"href":"https:\/\/switchdigital.ch\/en\/wp-json\/wp\/v2\/comments?post=254"}],"version-history":[{"count":37,"href":"https:\/\/switchdigital.ch\/en\/wp-json\/wp\/v2\/pages\/254\/revisions"}],"predecessor-version":[{"id":378,"href":"https:\/\/switchdigital.ch\/en\/wp-json\/wp\/v2\/pages\/254\/revisions\/378"}],"wp:attachment":[{"href":"https:\/\/switchdigital.ch\/en\/wp-json\/wp\/v2\/media?parent=254"}],"curies":[{"name":"wp","href":"https:\/\/api.w.org\/{rel}","templated":true}]}}